{"id":9421,"date":"2022-01-03T13:42:25","date_gmt":"2022-01-03T12:42:25","guid":{"rendered":"https:\/\/www.museuemporda.org\/?page_id=9421"},"modified":"2024-12-18T17:43:35","modified_gmt":"2024-12-18T16:43:35","slug":"histories-de-lart","status":"publish","type":"page","link":"https:\/\/www.museuemporda.org\/?page_id=9421","title":{"rendered":"Hist\u00f2ries de l&#8217;art primera temporada"},"content":{"rendered":"\n[et_pb_section fb_built=&#8221;1&#8243; _builder_version=&#8221;4.15&#8243; custom_padding=&#8221;16px||13px|||&#8221; global_colors_info=&#8221;{}&#8221;][et_pb_row column_structure=&#8221;1_6,1_6,1_6,1_6,1_6,1_6&#8243; _builder_version=&#8221;4.15&#8243; _module_preset=&#8221;default&#8221; min_height=&#8221;114px&#8221; custom_margin=&#8221;|auto|5px|auto||&#8221; custom_padding=&#8221;33px||0px|||&#8221; global_colors_info=&#8221;{}&#8221;][et_pb_column type=&#8221;1_6&#8243; _builder_version=&#8221;4.15&#8243; _module_preset=&#8221;default&#8221; global_colors_info=&#8221;{}&#8221;][et_pb_text _builder_version=&#8221;4.15&#8243; text_font=&#8221;|700|||||||&#8221; text_text_color=&#8221;#ffffff&#8221; background_color=&#8221;#000000&#8243; text_orientation=&#8221;center&#8221; width=&#8221;184.6%&#8221; width_tablet=&#8221;100%&#8221; width_phone=&#8221;&#8221; width_last_edited=&#8221;on|tablet&#8221; height=&#8221;50px&#8221; custom_margin=&#8221;||-14px||false|false&#8221; custom_padding=&#8221;10px||||false|false&#8221; border_radii=&#8221;on|190px|190px|190px|190px&#8221; global_colors_info=&#8221;{}&#8221;]HIST\u00d2RIES DE L&#8217;ART[\/et_pb_text][\/et_pb_column][et_pb_column type=&#8221;1_6&#8243; _builder_version=&#8221;4.15&#8243; _module_preset=&#8221;default&#8221; global_colors_info=&#8221;{}&#8221;][\/et_pb_column][et_pb_column type=&#8221;1_6&#8243; _builder_version=&#8221;4.15&#8243; _module_preset=&#8221;default&#8221; global_colors_info=&#8221;{}&#8221;][\/et_pb_column][et_pb_column type=&#8221;1_6&#8243; _builder_version=&#8221;4.15&#8243; _module_preset=&#8221;default&#8221; global_colors_info=&#8221;{}&#8221;][\/et_pb_column][et_pb_column type=&#8221;1_6&#8243; _builder_version=&#8221;4.15&#8243; _module_preset=&#8221;default&#8221; global_colors_info=&#8221;{}&#8221;][\/et_pb_column][et_pb_column type=&#8221;1_6&#8243; _builder_version=&#8221;4.15&#8243; _module_preset=&#8221;default&#8221; global_colors_info=&#8221;{}&#8221;][\/et_pb_column][\/et_pb_row][\/et_pb_section][et_pb_section fb_built=&#8221;1&#8243; _builder_version=&#8221;4.15&#8243; custom_margin=&#8221;||-10px|||&#8221; custom_padding=&#8221;0px||6px|||&#8221; global_colors_info=&#8221;{}&#8221;][et_pb_row column_structure=&#8221;1_4,3_4&#8243; _builder_version=&#8221;4.15&#8243; global_colors_info=&#8221;{}&#8221;][et_pb_column type=&#8221;1_4&#8243; _builder_version=&#8221;4.15&#8243; global_colors_info=&#8221;{}&#8221;][et_pb_image src=&#8221;https:\/\/www.museuemporda.org\/wp-content\/uploads\/2022\/01\/Fragment.png&#8221; title_text=&#8221;Fragment&#8221; force_fullwidth=&#8221;on&#8221; _builder_version=&#8221;4.15&#8243; global_colors_info=&#8221;{}&#8221;][\/et_pb_image][\/et_pb_column][et_pb_column type=&#8221;3_4&#8243; _builder_version=&#8221;4.15&#8243; global_colors_info=&#8221;{}&#8221;][et_pb_text _builder_version=&#8221;4.15&#8243; width=&#8221;90%&#8221; custom_padding=&#8221;||0px|||&#8221; global_colors_info=&#8221;{}&#8221;]<p class=\"p1\">Amb la reobertura del Museu, volem ampliar la nostra oferta de difusi\u00f3 de l\u2019art i la cultura programant un <strong>cicle per acostar-nos des de diversos punts de vista a la Hist\u00f2ria de l\u2019Art<\/strong>.<\/p>\n<p class=\"p1\">Cada mes aprofundirem en una tem\u00e0tica concreta de l\u2019Art i la seva hist\u00f2ria.<\/p>\n<p class=\"p1\"><strong>Activitat gratu\u00efta<\/strong>\n<strong>Places limitades\nAuditori del Museu de l&#8217;Empord\u00e0<\/strong><\/p>[\/et_pb_text][\/et_pb_column][\/et_pb_row][et_pb_row column_structure=&#8221;1_4,3_4&#8243; _builder_version=&#8221;4.15&#8243; global_colors_info=&#8221;{}&#8221;][et_pb_column type=&#8221;1_4&#8243; _builder_version=&#8221;4.15&#8243; global_colors_info=&#8221;{}&#8221;][et_pb_image src=&#8221;https:\/\/www.museuemporda.org\/wp-content\/uploads\/2022\/01\/baixa.jpeg&#8221; title_text=&#8221;baixa&#8221; url=&#8221;https:\/\/www.museuemporda.org\/activitat\/una-historia-de-lart-feminista\/&#8221; url_new_window=&#8221;on&#8221; _builder_version=&#8221;4.15&#8243; border_radii=&#8221;on|1386px|1386px|1386px|1386px&#8221; global_colors_info=&#8221;{}&#8221;][\/et_pb_image][\/et_pb_column][et_pb_column type=&#8221;3_4&#8243; _builder_version=&#8221;4.15&#8243; global_colors_info=&#8221;{}&#8221;][et_pb_text _builder_version=&#8221;4.15&#8243; width=&#8221;90%&#8221; global_colors_info=&#8221;{}&#8221;]<p><span style=\"text-decoration: underline;\"><strong>UNA HIST\u00d2RIA DE L&#8217;ART FEMINISTA<\/strong><br \/><\/span>A c\u00e0rrec de <strong>Maria Llu\u00efsa Faxedas Brujats<br \/><\/strong>Els dimarts 8, 15, 22 i 29 de <strong>mar\u00e7<\/strong>, a les 19h<\/p>\n<p>Aquest curs revisar\u00e0 la hist\u00f2ria de l\u2019art feminista, des dels seus inicis a cavall de les d\u00e8cades dels 60 i els 70 fins a l\u2019actualitat, fent especial atenci\u00f3 a la diversitat de materials i t\u00e8cniques emprats per les artistes, aix\u00ed com a les seves manifestacions arreu del m\u00f3n.<\/p>\n<p>Podcast ja disponible. Pots escoltar-lo <a href=\"https:\/\/www.museuemporda.org\/activitat\/una-historia-de-lart-feminista\/\">aqu\u00ed<\/a><\/p>\n<p>&nbsp;<\/p>[\/et_pb_text][\/et_pb_column][\/et_pb_row][et_pb_row column_structure=&#8221;3_4,1_4&#8243; _builder_version=&#8221;4.15&#8243; global_colors_info=&#8221;{}&#8221;][et_pb_column type=&#8221;3_4&#8243; _builder_version=&#8221;4.15&#8243; global_colors_info=&#8221;{}&#8221;][et_pb_text _builder_version=&#8221;4.15&#8243; width=&#8221;90%&#8221; hover_enabled=&#8221;0&#8243; global_colors_info=&#8221;{}&#8221; sticky_enabled=&#8221;0&#8243;]<p><span style=\"text-decoration: underline;\"><strong>UNA HIST\u00d2RIA DE LA PERFORMANCE<\/strong><br \/><\/span>A c\u00e0rrec de <strong>Marta Pol Rigau<br \/><\/strong>Els dimarts 5, 12, 19 i 26 d&#8217;<strong>abril<\/strong>, a les 19 h<\/p>\n<p>El curs se centrar\u00e0 en formular la pregunta, des de les possibles hist\u00f2ries de la performance o de l\u2019art d\u2019acci\u00f3, sobre quina ha estat la direcci\u00f3 d\u2019aquesta disciplina des dels inicis revulsius de les avantguardes fins a l&#8217;actualitat, esdevenint el principi com a concepte i proc\u00e9s de la pr\u00e0ctica de l\u2019art actual.\u00a0<\/p>\n<p>Podcast ja disponible. Pots escoltar-lo <a href=\"https:\/\/www.museuemporda.org\/activitat\/una-historia-de-la-performance\/\">aqu\u00ed<\/a><\/p>[\/et_pb_text][\/et_pb_column][et_pb_column type=&#8221;1_4&#8243; _builder_version=&#8221;4.15&#8243; global_colors_info=&#8221;{}&#8221;][et_pb_image src=&#8221;https:\/\/www.museuemporda.org\/wp-content\/uploads\/2022\/01\/Marta-Pol-Rigau_bo-2.jpg&#8221; title_text=&#8221;Marta Pol Rigau_bo&#8221; url=&#8221;https:\/\/www.museuemporda.org\/activitat\/una-historia-de-la-performance\/&#8221; url_new_window=&#8221;on&#8221; _builder_version=&#8221;4.15&#8243; border_radii=&#8221;on|1386px|1386px|1386px|1386px&#8221; global_colors_info=&#8221;{}&#8221;][\/et_pb_image][\/et_pb_column][\/et_pb_row][et_pb_row column_structure=&#8221;1_4,3_4&#8243; _builder_version=&#8221;4.15&#8243; global_colors_info=&#8221;{}&#8221;][et_pb_column type=&#8221;1_4&#8243; _builder_version=&#8221;4.15&#8243; global_colors_info=&#8221;{}&#8221;][et_pb_image src=&#8221;https:\/\/www.museuemporda.org\/wp-content\/uploads\/2022\/01\/IMG-20220124-WA0002_2.jpg&#8221; title_text=&#8221;IMG-20220124-WA0002_2&#8243; url=&#8221;https:\/\/www.museuemporda.org\/activitat\/una-historia-de-la-contracultura\/&#8221; url_new_window=&#8221;on&#8221; _builder_version=&#8221;4.15&#8243; min_height=&#8221;319.3px&#8221; border_radii=&#8221;on|1386px|1386px|1386px|1386px&#8221; global_colors_info=&#8221;{}&#8221;][\/et_pb_image][\/et_pb_column][et_pb_column type=&#8221;3_4&#8243; _builder_version=&#8221;4.15&#8243; global_colors_info=&#8221;{}&#8221;][et_pb_text _builder_version=&#8221;4.15.1&#8243; width=&#8221;90%&#8221; custom_padding=&#8221;||1px|||&#8221; hover_enabled=&#8221;0&#8243; global_colors_info=&#8221;{}&#8221; sticky_enabled=&#8221;0&#8243;]<p><span style=\"text-decoration: underline;\"><strong>UNA HIST\u00d2RIA DE L&#8217;ART URB\u00c0<\/strong><br \/><\/span>A c\u00e0rrec de <strong>Gabriela Berti<br \/><\/strong>Els dimarts 10, 17, 24 i 31 de <strong>maig<\/strong>, a les 19 h<\/p>\n<p>Aquest curs vol donar a con\u00e8ixer qu\u00e8 \u00e9s l&#8217;art urb\u00e0, els punts de contacte i difer\u00e8ncies amb l&#8217;art de l&#8217;espai p\u00fablic, el seu context en les est\u00e8tiques contempor\u00e0nies, aix\u00ed com les particularitats del graffiti i les noves tend\u00e8ncies en les arts urbanes (exposicions, NFT&#8230;).<\/p>\n<p>Podcast ja disponible. Pots escoltar-lo<a href=\"https:\/\/www.museuemporda.org\/activitat\/una-historia-de-lart-urba\/\"> aqu\u00ed<\/a><\/p>\n<p>&nbsp;<\/p>[\/et_pb_text][\/et_pb_column][\/et_pb_row][et_pb_row column_structure=&#8221;3_4,1_4&#8243; _builder_version=&#8221;4.15&#8243; global_colors_info=&#8221;{}&#8221;][et_pb_column type=&#8221;3_4&#8243; _builder_version=&#8221;4.15&#8243; global_colors_info=&#8221;{}&#8221;][et_pb_text _builder_version=&#8221;4.15&#8243; width=&#8221;90%&#8221; global_colors_info=&#8221;{}&#8221;]<span style=\"text-decoration: underline;\"><strong>UNA HIST\u00d2RIA DE L&#8217;ART FANT\u00c0STIC<\/strong>\n<\/span>A c\u00e0rrec de <strong>Pere Parramon Rubio\n<\/strong>Els dimarts 7, 14, 21 i 28 de <strong>juny<\/strong>, a les 19 h\n\nCurs adre\u00e7at a con\u00e8ixer els principals referents en l\u2019estudi tant del fant\u00e0stic en general com, m\u00e9s espec\u00edficament, de l\u2019art fant\u00e0stic. Una presa de contacte d\u2019obres i artistes del fant\u00e0stic, revisi\u00f3 del c\u00e0non i la seva contemporane\u00eftat.[\/et_pb_text][\/et_pb_column][et_pb_column type=&#8221;1_4&#8243; _builder_version=&#8221;4.15&#8243; global_colors_info=&#8221;{}&#8221;][et_pb_image src=&#8221;https:\/\/www.museuemporda.org\/wp-content\/uploads\/2022\/01\/Pere-Parramon-03_OK.jpg&#8221; title_text=&#8221;Pere Parramon-03_OK&#8221; url=&#8221;https:\/\/www.museuemporda.org\/activitat\/una-historia-de-lart-fantastic\/&#8221; url_new_window=&#8221;on&#8221; _builder_version=&#8221;4.15&#8243; border_radii=&#8221;on|1386px|1386px|1386px|1386px&#8221; global_colors_info=&#8221;{}&#8221;][\/et_pb_image][\/et_pb_column][\/et_pb_row][et_pb_row column_structure=&#8221;3_4,1_4&#8243; _builder_version=&#8221;4.15&#8243; global_colors_info=&#8221;{}&#8221;][et_pb_column type=&#8221;3_4&#8243; _builder_version=&#8221;4.15&#8243; global_colors_info=&#8221;{}&#8221;][\/et_pb_column][et_pb_column type=&#8221;1_4&#8243; _builder_version=&#8221;4.15&#8243; global_colors_info=&#8221;{}&#8221;][et_pb_image src=&#8221;https:\/\/www.museuemporda.org\/wp-content\/uploads\/2022\/02\/instagram-stories-HISTO\u0300RIA-DE-LART.jpg&#8221; title_text=&#8221;instagram stories-HISTO\u0300RIA DE L&#8217;ART&#8221; _builder_version=&#8221;4.15&#8243; width=&#8221;100%&#8221; max_width=&#8221;100%&#8221; global_colors_info=&#8221;{}&#8221;][\/et_pb_image][\/et_pb_column][\/et_pb_row][\/et_pb_section][et_pb_section fb_built=&#8221;1&#8243; _builder_version=&#8221;4.15&#8243; _module_preset=&#8221;default&#8221; min_height=&#8221;85.7px&#8221; custom_padding=&#8221;||0px|||&#8221; global_colors_info=&#8221;{}&#8221;][et_pb_row _builder_version=&#8221;4.15&#8243; _module_preset=&#8221;default&#8221; global_colors_info=&#8221;{}&#8221;][et_pb_column type=&#8221;4_4&#8243; _builder_version=&#8221;4.15&#8243; _module_preset=&#8221;default&#8221; global_colors_info=&#8221;{}&#8221;][et_pb_button button_text=&#8221;M\u00c9S INFORMACI\u00d3 DEL CICLE&#8221; _builder_version=&#8221;4.9.3&#8243; _module_preset=&#8221;default&#8221; custom_button=&#8221;on&#8221; button_text_size=&#8221;14px&#8221; button_text_color=&#8221;#FFFFFF&#8221; button_bg_color=&#8221;#000000&#8243; button_border_color=&#8221;rgba(0,0,0,0)&#8221; button_border_radius=&#8221;0px&#8221; global_colors_info=&#8221;{}&#8221;][\/et_pb_button][\/et_pb_column][\/et_pb_row][\/et_pb_section][et_pb_section fb_built=&#8221;1&#8243; _builder_version=&#8221;4.15&#8243; _module_preset=&#8221;default&#8221; global_colors_info=&#8221;{}&#8221;][et_pb_row _builder_version=&#8221;4.15&#8243; _module_preset=&#8221;default&#8221; global_colors_info=&#8221;{}&#8221;][et_pb_column type=&#8221;4_4&#8243; _builder_version=&#8221;4.15&#8243; _module_preset=&#8221;default&#8221; global_colors_info=&#8221;{}&#8221;][dpdfg_filtergrid custom_query=&#8221;advanced&#8221; multiple_cpt=&#8221;activitat&#8221; use_taxonomy_terms=&#8221;on&#8221; multiple_taxonomies=&#8221;relacions_actiivtats&#8221; include_terms=&#8221;724&#8243; include_children_terms=&#8221;off&#8221; order=&#8221;ASC&#8221; orderby=&#8221;meta_value&#8221; meta_key=&#8221;ordre&#8221; meta_type=&#8221;DATE&#8221; no_results=&#8221;En aquest cas, no hi han activitats relacionades&#8221; thumbnail_size=&#8221;250&#215;250&#8243; use_overlay=&#8221;off&#8221; show_author=&#8221;off&#8221; show_terms=&#8221;on&#8221; show_custom_fields=&#8221;on&#8221; custom_fields=&#8221;%91{%22name%22:%22data_inici%22,%22label%22:%22%22}%93&#8243; show_custom_content=&#8221;on&#8221; show_filters=&#8221;off&#8221; pagination_type=&#8221;scroll&#8221; items_width=&#8221;16%&#8221; module_class=&#8221;act_relacionades&#8221; _builder_version=&#8221;4.9.3&#8243; dpdfg_entry_meta_font=&#8221;|700|||||||&#8221; dpdfg_entry_meta_text_color=&#8221;#000000&#8243; dpdfg_entry_summary_font=&#8221;||||||||&#8221; dpdfg_entry_custom_font=&#8221;|300|||||||&#8221; dpdfg_entry_custom_text_align=&#8221;left&#8221; dpdfg_entry_custom_text_color=&#8221;#000000&#8243; dpdfg_levels_labels_font=&#8221;||||||||&#8221; link_option_url_new_window=&#8221;on&#8221; border_width_all=&#8221;0px&#8221; locked=&#8221;off&#8221; global_colors_info=&#8221;{}&#8221;][\/dpdfg_filtergrid][\/et_pb_column][\/et_pb_row][\/et_pb_section][et_pb_section fb_built=&#8221;1&#8243; _builder_version=&#8221;4.0.6&#8243; custom_margin=&#8221;13px|||||&#8221; custom_padding=&#8221;4px||8px|||&#8221; global_module=&#8221;106&#8243; saved_tabs=&#8221;all&#8221; global_colors_info=&#8221;{}&#8221;][et_pb_row column_structure=&#8221;1_2,1_2&#8243; _builder_version=&#8221;4.15&#8243; _module_preset=&#8221;default&#8221; background_color=&#8221;#855f75&#8243; global_colors_info=&#8221;{}&#8221;][et_pb_column type=&#8221;1_2&#8243; _builder_version=&#8221;4.15.1&#8243; _module_preset=&#8221;default&#8221; global_colors_info=&#8221;{}&#8221;][et_pb_button button_url=&#8221;https:\/\/museuempord2.typeform.com\/to\/vjuzW6&#8243; url_new_window=&#8221;on&#8221; button_text=&#8221;CONNECTA&#8217;T AL MUSEU&#8221; button_alignment=&#8221;center&#8221; _builder_version=&#8221;4.6.3&#8243; custom_button=&#8221;on&#8221; button_text_size=&#8221;12px&#8221; button_text_color=&#8221;#ffffff&#8221; button_bg_color=&#8221;#000000&#8243; button_border_color=&#8221;rgba(0,0,0,0)&#8221; button_border_radius=&#8221;0px&#8221; button_use_icon=&#8221;off&#8221; global_colors_info=&#8221;{}&#8221;][\/et_pb_button][\/et_pb_column][et_pb_column type=&#8221;1_2&#8243; _builder_version=&#8221;4.15&#8243; _module_preset=&#8221;default&#8221; global_colors_info=&#8221;{}&#8221;][\/et_pb_column][\/et_pb_row][et_pb_row column_structure=&#8221;1_6,1_6,1_6,1_6,1_6,1_6&#8243; use_custom_gutter=&#8221;on&#8221; gutter_width=&#8221;2&#8243; _builder_version=&#8221;4.15&#8243; background_color=&#8221;#ffd6ea&#8221; custom_margin=&#8221;0px|auto|2px|auto|false|false&#8221; custom_padding=&#8221;||23px|||&#8221; global_colors_info=&#8221;{}&#8221;][et_pb_column type=&#8221;1_6&#8243; _builder_version=&#8221;4.15&#8243; global_colors_info=&#8221;{}&#8221;][et_pb_image src=&#8221;https:\/\/www.museuemporda.org\/wp-content\/uploads\/2019\/11\/me.svg&#8221; align_tablet=&#8221;&#8221; align_phone=&#8221;center&#8221; align_last_edited=&#8221;on|phone&#8221; _builder_version=&#8221;4.15&#8243; width=&#8221;85%&#8221; width_tablet=&#8221;&#8221; width_phone=&#8221;50%&#8221; width_last_edited=&#8221;on|phone&#8221; module_alignment=&#8221;right&#8221; custom_margin=&#8221;||8px|24px|false|false&#8221; custom_margin_tablet=&#8221;&#8221; custom_margin_phone=&#8221;|0px|8px|0px|false|true&#8221; custom_margin_last_edited=&#8221;on|phone&#8221; custom_padding=&#8221;||||false|false&#8221; module_alignment_tablet=&#8221;center&#8221; module_alignment_phone=&#8221;center&#8221; module_alignment_last_edited=&#8221;on|desktop&#8221; global_colors_info=&#8221;{}&#8221;][\/et_pb_image][\/et_pb_column][et_pb_column type=&#8221;1_6&#8243; _builder_version=&#8221;4.15&#8243; global_colors_info=&#8221;{}&#8221;][et_pb_text _builder_version=&#8221;4.15.1&#8243; text_font=&#8221;|700|||||||&#8221; text_font_size=&#8221;11px&#8221; text_line_height=&#8221;1.2em&#8221; link_text_color=&#8221;#000000&#8243; text_font_size_tablet=&#8221;14px&#8221; text_font_size_phone=&#8221;18px&#8221; text_font_size_last_edited=&#8221;on|phone&#8221; global_colors_info=&#8221;{}&#8221;]<p>EXPOSICIONS\/ACTIVITATS<br \/>&#8211;<br \/>Exposicions<br \/>\u00b7 <a href=\"https:\/\/www.museuemporda.org\/exposicions_actuals\/\">Actuals<\/a><br \/>\u00b7 <a href=\"https:\/\/www.museuemporda.org\/exposicions-futures\/\">Futures<\/a><br \/>\u00b7 <a href=\"https:\/\/www.museuemporda.org\/exposicions-passades\/\">Passades<\/a><br \/>\u00b7 <a href=\"https:\/\/www.museuemporda.org\/exposicions-virtuals\/\">Virtuals<\/a><br \/>Activitats<br \/>\u00b7 <a href=\"https:\/\/www.museuemporda.org\/activitats-infants\/\">Infants<\/a><br \/>\u00b7 <a href=\"https:\/\/www.museuemporda.org\/activitats-joves\/\">Joves<\/a><br \/>\u00b7 <a href=\"https:\/\/www.museuemporda.org\/activitats-adults\/\">Adults<\/a><\/p>[\/et_pb_text][\/et_pb_column][et_pb_column type=&#8221;1_6&#8243; _builder_version=&#8221;4.15&#8243; global_colors_info=&#8221;{}&#8221;][et_pb_text _builder_version=&#8221;4.15&#8243; text_font=&#8221;|700|||||||&#8221; text_font_size=&#8221;11px&#8221; text_line_height=&#8221;1.2em&#8221; link_text_color=&#8221;#000000&#8243; text_font_size_tablet=&#8221;14px&#8221; text_font_size_phone=&#8221;18px&#8221; text_font_size_last_edited=&#8221;on|phone&#8221; global_colors_info=&#8221;{}&#8221;]<p>OBRES\/ARTISTES<br \/>&#8211;<br \/><a href=\"https:\/\/www.museuemporda.org\/obres-artistes\/\">La col\u00b7lecci\u00f3<\/a><\/p>[\/et_pb_text][\/et_pb_column][et_pb_column type=&#8221;1_6&#8243; _builder_version=&#8221;4.15&#8243; global_colors_info=&#8221;{}&#8221;][et_pb_text _builder_version=&#8221;4.15&#8243; text_font=&#8221;|700|||||||&#8221; text_font_size=&#8221;11px&#8221; text_line_height=&#8221;1.2em&#8221; link_text_color=&#8221;#000000&#8243; text_font_size_tablet=&#8221;14px&#8221; text_font_size_phone=&#8221;18px&#8221; text_font_size_last_edited=&#8221;on|phone&#8221; global_colors_info=&#8221;{}&#8221;]<p>ESCOLES<br \/>&#8211;<br \/><a href=\"https:\/\/www.museuemporda.org\/proposta-educativa\/\">Proposta educativa<\/a><br \/><a href=\"https:\/\/www.museuemporda.org\/infantil\/\">Infantil<\/a><br \/><a href=\"https:\/\/www.museuemporda.org\/primaria\/\">Prim\u00e0ria<\/a><br \/><a href=\"https:\/\/www.museuemporda.org\/secundaria\/\">Secund\u00e0ria<\/a><br \/><a href=\"https:\/\/www.museuemporda.org\/reserva\/\">Reserva activitat<\/a><\/p>[\/et_pb_text][\/et_pb_column][et_pb_column type=&#8221;1_6&#8243; _builder_version=&#8221;4.15&#8243; global_colors_info=&#8221;{}&#8221;][et_pb_text _builder_version=&#8221;4.15.1&#8243; text_font=&#8221;|700|||||||&#8221; text_font_size=&#8221;11px&#8221; text_line_height=&#8221;1.2em&#8221; link_text_color=&#8221;#000000&#8243; text_font_size_tablet=&#8221;14px&#8221; text_font_size_phone=&#8221;18px&#8221; text_font_size_last_edited=&#8221;on|phone&#8221; global_colors_info=&#8221;{}&#8221;]<p>EL MUSEU DE L\u2019EMPORD\u00c0<br \/>&#8211;<br \/><a href=\"https:\/\/www.museuemporda.org\/presenta\/\">Presentaci\u00f3<\/a><br \/><a href=\"https:\/\/www.museuemporda.org\/visita-2\/\">Visita\u2019ns<\/a><br \/><a href=\"https:\/\/www.museuemporda.org\/historia\/\">Hist\u00f2ria<\/a><br \/><a href=\"https:\/\/www.museuemporda.org\/missio-i-objectius\/\">Missi\u00f3 i objectius<\/a><br \/><a href=\"https:\/\/www.museuemporda.org\/organigrama-2\/\">Organigrama<\/a><br \/><a href=\"https:\/\/www.museuemporda.org\/premsa\/\">Sala de premsa<\/a><\/p>[\/et_pb_text][\/et_pb_column][et_pb_column type=&#8221;1_6&#8243; _builder_version=&#8221;4.15&#8243; global_colors_info=&#8221;{}&#8221;][et_pb_text _builder_version=&#8221;4.15.1&#8243; text_font=&#8221;|700|||||||&#8221; text_text_color=&#8221;#707070&#8243; text_font_size=&#8221;11px&#8221; text_line_height=&#8221;1.2em&#8221; link_font=&#8221;||||||||&#8221; link_text_color=&#8221;#000000&#8243; header_text_color=&#8221;#000000&#8243; text_font_size_tablet=&#8221;14px&#8221; text_font_size_phone=&#8221;18px&#8221; text_font_size_last_edited=&#8221;on|phone&#8221; global_colors_info=&#8221;{}&#8221;]<p><a href=\"https:\/\/www.museuemporda.org\/botiga\/\" title=\"botiga\">BOTIGA\/PUBLICACIONS<\/a><br \/>&#8211;<br \/><a href=\"https:\/\/www.museuemporda.org\/activitats_exposicions_mes_en_curs\/\">AGENDA\/CALENDARI<\/a>&#8211;<br \/><a href=\"https:\/\/www.museuemporda.org\/accessibilitat\/\">ACCESSIBILITAT<\/a><\/p>[\/et_pb_text][\/et_pb_column][\/et_pb_row][et_pb_row column_structure=&#8221;1_5,1_5,1_5,1_5,1_5&#8243; use_custom_gutter=&#8221;on&#8221; gutter_width=&#8221;2&#8243; _builder_version=&#8221;4.15&#8243; custom_padding=&#8221;16px|||||&#8221; global_colors_info=&#8221;{}&#8221;][et_pb_column type=&#8221;1_5&#8243; _builder_version=&#8221;4.15&#8243; global_colors_info=&#8221;{}&#8221;][et_pb_text _builder_version=&#8221;4.15&#8243; text_font=&#8221;|600|||||||&#8221; text_font_size=&#8221;10px&#8221; text_line_height=&#8221;1.2em&#8221; custom_margin=&#8221;|-100px|||false|false&#8221; text_font_size_tablet=&#8221;13px&#8221; text_font_size_phone=&#8221;&#8221; text_font_size_last_edited=&#8221;on|tablet&#8221; global_colors_info=&#8221;{}&#8221;]<p>\u00a9 Alguns drets reservats. Museu de l\u2019Empord\u00e0, 2018<br \/>Ajuntament de Figueres. Cultura<br \/>Av\u00eds legal &#8211; Protecci\u00f3 de dades<\/p>[\/et_pb_text][\/et_pb_column][et_pb_column type=&#8221;1_5&#8243; _builder_version=&#8221;4.15&#8243; global_colors_info=&#8221;{}&#8221;][\/et_pb_column][et_pb_column type=&#8221;1_5&#8243; _builder_version=&#8221;4.15&#8243; global_colors_info=&#8221;{}&#8221;][et_pb_image src=&#8221;https:\/\/www.museuemporda.org\/wp-content\/uploads\/2019\/11\/logoAjuntament.svg&#8221; _builder_version=&#8221;4.15&#8243; max_height=&#8221;80px&#8221; global_colors_info=&#8221;{}&#8221;][\/et_pb_image][\/et_pb_column][et_pb_column type=&#8221;1_5&#8243; _builder_version=&#8221;4.15&#8243; global_colors_info=&#8221;{}&#8221;][\/et_pb_column][et_pb_column type=&#8221;1_5&#8243; _builder_version=&#8221;4.15&#8243; global_colors_info=&#8221;{}&#8221;][et_pb_text _builder_version=&#8221;4.15&#8243; text_font_size=&#8221;12px&#8221; text_line_height=&#8221;1.3em&#8221; text_font_size_tablet=&#8221;14px&#8221; text_font_size_phone=&#8221;&#8221; text_font_size_last_edited=&#8221;on|phone&#8221; global_colors_info=&#8221;{}&#8221;]<p><strong>Museu de l&#8217;Empord\u00e0<\/strong><br \/>Rambla, 2<br \/>17600 Figueres<br \/>972 50 23 05<\/p>[\/et_pb_text][\/et_pb_column][\/et_pb_row][\/et_pb_section]\n","protected":false},"excerpt":{"rendered":"<p>hist\u00f2ries de l&#8217;art feminista performance contracultura fant\u00e0stic Llu\u00efsa Faxedas Brujats Marta Pol Rigau Narc\u00eds Sellas Rigat Pere Parramon Rubio<\/p>\n","protected":false},"author":1,"featured_media":9422,"parent":0,"menu_order":0,"comment_status":"closed","ping_status":"closed","template":"","meta":{"_acf_changed":false,"_et_pb_use_builder":"on","_et_pb_old_content":"","_et_gb_content_width":"","inline_featured_image":false,"footnotes":""},"class_list":["post-9421","page","type-page","status-publish","has-post-thumbnail","hentry"],"acf":[],"_links":{"self":[{"href":"https:\/\/www.museuemporda.org\/index.php?rest_route=\/wp\/v2\/pages\/9421","targetHints":{"allow":["GET"]}}],"collection":[{"href":"https:\/\/www.museuemporda.org\/index.php?rest_route=\/wp\/v2\/pages"}],"about":[{"href":"https:\/\/www.museuemporda.org\/index.php?rest_route=\/wp\/v2\/types\/page"}],"author":[{"embeddable":true,"href":"https:\/\/www.museuemporda.org\/index.php?rest_route=\/wp\/v2\/users\/1"}],"replies":[{"embeddable":true,"href":"https:\/\/www.museuemporda.org\/index.php?rest_route=%2Fwp%2Fv2%2Fcomments&post=9421"}],"version-history":[{"count":42,"href":"https:\/\/www.museuemporda.org\/index.php?rest_route=\/wp\/v2\/pages\/9421\/revisions"}],"predecessor-version":[{"id":15879,"href":"https:\/\/www.museuemporda.org\/index.php?rest_route=\/wp\/v2\/pages\/9421\/revisions\/15879"}],"wp:featuredmedia":[{"embeddable":true,"href":"https:\/\/www.museuemporda.org\/index.php?rest_route=\/wp\/v2\/media\/9422"}],"wp:attachment":[{"href":"https:\/\/www.museuemporda.org\/index.php?rest_route=%2Fwp%2Fv2%2Fmedia&parent=9421"}],"curies":[{"name":"wp","href":"https:\/\/api.w.org\/{rel}","templated":true}]}}