{"id":2686,"date":"2020-07-31T13:36:37","date_gmt":"2020-07-31T11:36:37","guid":{"rendered":"https:\/\/www.museuemporda.org\/?page_id=2686"},"modified":"2023-01-25T10:35:06","modified_gmt":"2023-01-25T09:35:06","slug":"accessibilitat","status":"publish","type":"page","link":"https:\/\/www.museuemporda.org\/?page_id=2686","title":{"rendered":"Accessibilitat"},"content":{"rendered":"<p>[et_pb_section fb_built=&#8221;1&#8243; _builder_version=&#8221;4.15&#8243; custom_margin=&#8221;||-10px|||&#8221; custom_padding=&#8221;0px||6px|||&#8221; global_colors_info=&#8221;{}&#8221;][et_pb_row column_structure=&#8221;1_3,1_3,1_3&#8243; _builder_version=&#8221;4.15&#8243; global_colors_info=&#8221;{}&#8221;][et_pb_column type=&#8221;1_3&#8243; _builder_version=&#8221;4.15&#8243; global_colors_info=&#8221;{}&#8221;][et_pb_text _builder_version=&#8221;4.15&#8243; text_font=&#8221;|700|||||||&#8221; text_text_color=&#8221;#ffffff&#8221; background_color=&#8221;#000000&#8243; text_orientation=&#8221;center&#8221; width=&#8221;50%&#8221; height=&#8221;45px&#8221; custom_margin=&#8221;||||false|false&#8221; custom_padding=&#8221;10px||||false|false&#8221; border_radii=&#8221;on|190px|190px|190px|190px&#8221; global_colors_info=&#8221;{}&#8221;]<\/p>\n<p>ACCESSIBILITAT<\/p>\n<p>[\/et_pb_text][\/et_pb_column][et_pb_column type=&#8221;1_3&#8243; _builder_version=&#8221;4.15&#8243; global_colors_info=&#8221;{}&#8221;][et_pb_text _builder_version=&#8221;4.15&#8243; text_font=&#8221;|700|||||||&#8221; text_text_color=&#8221;#000000&#8243; background_color=&#8221;#ffffff&#8221; text_orientation=&#8221;center&#8221; width=&#8221;50%&#8221; height=&#8221;45px&#8221; custom_margin=&#8221;-75px|||125px|false|false&#8221; custom_padding=&#8221;10px||||false|false&#8221; border_radii=&#8221;on|190px|190px|190px|190px&#8221; border_width_all=&#8221;1px&#8221; global_colors_info=&#8221;{}&#8221;]<\/p>\n<p>ADULTS<\/p>\n<p>[\/et_pb_text][\/et_pb_column][et_pb_column type=&#8221;1_3&#8243; _builder_version=&#8221;4.15&#8243; global_colors_info=&#8221;{}&#8221;][\/et_pb_column][\/et_pb_row][et_pb_row column_structure=&#8221;1_6,1_6,1_6,1_6,1_6,1_6&#8243; _builder_version=&#8221;4.15&#8243; custom_margin=&#8221;||||false|false&#8221; custom_padding=&#8221;||||false|false&#8221; locked=&#8221;off&#8221; global_colors_info=&#8221;{}&#8221;][et_pb_column type=&#8221;1_6&#8243; _builder_version=&#8221;4.15&#8243; global_colors_info=&#8221;{}&#8221;][et_pb_blurb image=&#8221;https:\/\/www.museuemporda.org\/wp-content\/uploads\/2020\/04\/espai.png&#8221; _builder_version=&#8221;4.15.1&#8243; body_font=&#8221;||||||||&#8221; body_line_height=&#8221;1em&#8221; hover_enabled=&#8221;0&#8243; global_colors_info=&#8221;{}&#8221; sticky_enabled=&#8221;0&#8243;]<\/p>\n<p><span><\/span><\/p>\n<p><span><\/span><\/p>\n<p><span>Acc\u00e9s per la porta principal a peu de carrer i lateral pel carrer Enginyers a trav\u00e9s d&#8217;una rampa.<\/span><\/p>\n<p>[\/et_pb_blurb][\/et_pb_column][et_pb_column type=&#8221;1_6&#8243; _builder_version=&#8221;4.15&#8243; global_colors_info=&#8221;{}&#8221;][et_pb_blurb image=&#8221;https:\/\/www.museuemporda.org\/wp-content\/uploads\/2020\/07\/ascensor.png&#8221; _builder_version=&#8221;4.15.1&#8243; body_font=&#8221;||||||||&#8221; body_line_height=&#8221;1em&#8221; hover_enabled=&#8221;0&#8243; global_colors_info=&#8221;{}&#8221; sticky_enabled=&#8221;0&#8243;]<\/p>\n<p><span><\/span><\/p>\n<p><span><\/span><\/p>\n<p><span>Ascensor per accedir a l&#8217;Auditori i a les quatre plantes d&#8217;exposicions temporals i permanent.<\/span><\/p>\n<p>[\/et_pb_blurb][\/et_pb_column][et_pb_column type=&#8221;1_6&#8243; _builder_version=&#8221;4.15&#8243; global_colors_info=&#8221;{}&#8221;][\/et_pb_column][et_pb_column type=&#8221;1_6&#8243; _builder_version=&#8221;4.15&#8243; global_colors_info=&#8221;{}&#8221;][\/et_pb_column][et_pb_column type=&#8221;1_6&#8243; _builder_version=&#8221;4.15&#8243; global_colors_info=&#8221;{}&#8221;][\/et_pb_column][et_pb_column type=&#8221;1_6&#8243; _builder_version=&#8221;4.15&#8243; global_colors_info=&#8221;{}&#8221;][\/et_pb_column][\/et_pb_row][et_pb_row column_structure=&#8221;1_6,1_6,1_6,1_6,1_6,1_6&#8243; _builder_version=&#8221;4.15&#8243; custom_margin=&#8221;||||false|false&#8221; custom_padding=&#8221;||||false|false&#8221; locked=&#8221;off&#8221; global_colors_info=&#8221;{}&#8221;][et_pb_column type=&#8221;1_6&#8243; _builder_version=&#8221;4.15&#8243; global_colors_info=&#8221;{}&#8221;][et_pb_blurb title=&#8221;GOSSOS D&#8217;ASSIST\u00c8NCIA&#8221; image=&#8221;https:\/\/www.museuemporda.org\/wp-content\/uploads\/2020\/04\/gos.png&#8221; _builder_version=&#8221;4.15&#8243; body_font=&#8221;||||||||&#8221; body_line_height=&#8221;1em&#8221; global_colors_info=&#8221;{}&#8221;]<\/p>\n<p><span>Es permet l&#8217;acc\u00e9s al Museu amb gossos guia i d&#8217;assist\u00e8ncia.<\/span><\/p>\n<p>[\/et_pb_blurb][\/et_pb_column][et_pb_column type=&#8221;1_6&#8243; _builder_version=&#8221;4.15&#8243; global_colors_info=&#8221;{}&#8221;][et_pb_blurb title=&#8221;LAVABOS&#8221; image=&#8221;https:\/\/www.museuemporda.org\/wp-content\/uploads\/2020\/07\/lavabos-2.png&#8221; _builder_version=&#8221;4.15&#8243; body_font=&#8221;||||||||&#8221; body_line_height=&#8221;1em&#8221; global_colors_info=&#8221;{}&#8221;]<\/p>\n<p><span>Lavabo adaptat per a persones amb mobilitat redu\u00efda.<\/span><\/p>\n<p>[\/et_pb_blurb][\/et_pb_column][et_pb_column type=&#8221;1_6&#8243; _builder_version=&#8221;4.15&#8243; global_colors_info=&#8221;{}&#8221;][et_pb_blurb title=&#8221;IL\u00b7LUMINACI\u00d3&#8221; image=&#8221;https:\/\/www.museuemporda.org\/wp-content\/uploads\/2020\/07\/ilumina-1.png&#8221; _builder_version=&#8221;4.15&#8243; body_font=&#8221;||||||||&#8221; body_line_height=&#8221;1em&#8221; global_colors_info=&#8221;{}&#8221;]<\/p>\n<p><span>Sales d&#8217;exposici\u00f3 i altres espais bens il\u00b7luminats amb parets i terra contrastats.<\/span><\/p>\n<p>[\/et_pb_blurb][\/et_pb_column][et_pb_column type=&#8221;1_6&#8243; _builder_version=&#8221;4.15&#8243; global_colors_info=&#8221;{}&#8221;][et_pb_blurb title=&#8221;LECTURA F\u00c0CIL&#8221; image=&#8221;https:\/\/www.museuemporda.org\/wp-content\/uploads\/2020\/04\/text.png&#8221; _builder_version=&#8221;4.15&#8243; body_font=&#8221;||||||||&#8221; body_line_height=&#8221;1em&#8221; global_colors_info=&#8221;{}&#8221;]<\/p>\n<p><span>Les exposicions temporals disposen de dossiers de lectura f\u00e0cil<\/span><\/p>\n<p>[\/et_pb_blurb][\/et_pb_column][et_pb_column type=&#8221;1_6&#8243; _builder_version=&#8221;4.15&#8243; global_colors_info=&#8221;{}&#8221;][et_pb_blurb title=&#8221;LLENGUA DE SIGNES&#8221; image=&#8221;https:\/\/www.museuemporda.org\/wp-content\/uploads\/2020\/04\/mans.png&#8221; _builder_version=&#8221;4.15.1&#8243; body_font=&#8221;||on||||||&#8221; body_line_height=&#8221;1em&#8221; hover_enabled=&#8221;0&#8243; global_colors_info=&#8221;{}&#8221; sticky_enabled=&#8221;0&#8243;]<\/p>\n<p><span>Totes les activitats s&#8217;ofereixen amb interpretaci\u00f3 a la llengua de signes amb reserva pr\u00e8via.<span class=\"Apple-converted-space\">\u00a0<\/span><\/span><\/p>\n<p>[\/et_pb_blurb][\/et_pb_column][et_pb_column type=&#8221;1_6&#8243; _builder_version=&#8221;4.15&#8243; global_colors_info=&#8221;{}&#8221;][\/et_pb_column][\/et_pb_row][\/et_pb_section][et_pb_section fb_built=&#8221;1&#8243; _builder_version=&#8221;4.0.6&#8243; custom_margin=&#8221;13px|||||&#8221; custom_padding=&#8221;4px||8px|||&#8221; global_module=&#8221;106&#8243; saved_tabs=&#8221;all&#8221; global_colors_info=&#8221;{}&#8221;][et_pb_row column_structure=&#8221;1_2,1_2&#8243; _builder_version=&#8221;4.15&#8243; _module_preset=&#8221;default&#8221; background_color=&#8221;#855f75&#8243; global_colors_info=&#8221;{}&#8221;][et_pb_column type=&#8221;1_2&#8243; _builder_version=&#8221;4.15.1&#8243; _module_preset=&#8221;default&#8221; global_colors_info=&#8221;{}&#8221;][et_pb_button button_url=&#8221;https:\/\/museuempord2.typeform.com\/to\/vjuzW6&#8243; url_new_window=&#8221;on&#8221; button_text=&#8221;CONNECTA&#8217;T AL MUSEU&#8221; button_alignment=&#8221;center&#8221; _builder_version=&#8221;4.6.3&#8243; custom_button=&#8221;on&#8221; button_text_size=&#8221;12px&#8221; button_text_color=&#8221;#ffffff&#8221; button_bg_color=&#8221;#000000&#8243; button_border_color=&#8221;rgba(0,0,0,0)&#8221; button_border_radius=&#8221;0px&#8221; button_use_icon=&#8221;off&#8221; global_colors_info=&#8221;{}&#8221;][\/et_pb_button][\/et_pb_column][et_pb_column type=&#8221;1_2&#8243; _builder_version=&#8221;4.15&#8243; _module_preset=&#8221;default&#8221; global_colors_info=&#8221;{}&#8221;][\/et_pb_column][\/et_pb_row][et_pb_row column_structure=&#8221;1_6,1_6,1_6,1_6,1_6,1_6&#8243; use_custom_gutter=&#8221;on&#8221; gutter_width=&#8221;2&#8243; _builder_version=&#8221;4.15&#8243; background_color=&#8221;#ffd6ea&#8221; custom_margin=&#8221;0px|auto|2px|auto|false|false&#8221; custom_padding=&#8221;||23px|||&#8221; global_colors_info=&#8221;{}&#8221;][et_pb_column type=&#8221;1_6&#8243; _builder_version=&#8221;4.15&#8243; global_colors_info=&#8221;{}&#8221;][et_pb_image src=&#8221;https:\/\/www.museuemporda.org\/wp-content\/uploads\/2019\/11\/me.svg&#8221; align_tablet=&#8221;&#8221; align_phone=&#8221;center&#8221; align_last_edited=&#8221;on|phone&#8221; _builder_version=&#8221;4.15&#8243; width=&#8221;85%&#8221; width_tablet=&#8221;&#8221; width_phone=&#8221;50%&#8221; width_last_edited=&#8221;on|phone&#8221; module_alignment=&#8221;right&#8221; custom_margin=&#8221;||8px|24px|false|false&#8221; custom_margin_tablet=&#8221;&#8221; custom_margin_phone=&#8221;|0px|8px|0px|false|true&#8221; custom_margin_last_edited=&#8221;on|phone&#8221; custom_padding=&#8221;||||false|false&#8221; module_alignment_tablet=&#8221;center&#8221; module_alignment_phone=&#8221;center&#8221; module_alignment_last_edited=&#8221;on|desktop&#8221; global_colors_info=&#8221;{}&#8221;][\/et_pb_image][\/et_pb_column][et_pb_column type=&#8221;1_6&#8243; _builder_version=&#8221;4.15&#8243; global_colors_info=&#8221;{}&#8221;][et_pb_text _builder_version=&#8221;4.15.1&#8243; text_font=&#8221;|700|||||||&#8221; text_font_size=&#8221;11px&#8221; text_line_height=&#8221;1.2em&#8221; link_text_color=&#8221;#000000&#8243; text_font_size_tablet=&#8221;14px&#8221; text_font_size_phone=&#8221;18px&#8221; text_font_size_last_edited=&#8221;on|phone&#8221; global_colors_info=&#8221;{}&#8221;]<\/p>\n<p>EXPOSICIONS\/ACTIVITATS<br \/>&#8211;<br \/>Exposicions<br \/>\u00b7 <a href=\"https:\/\/www.museuemporda.org\/exposicions_actuals\/\">Actuals<\/a><br \/>\u00b7 <a href=\"https:\/\/www.museuemporda.org\/exposicions-futures\/\">Futures<\/a><br \/>\u00b7 <a href=\"https:\/\/www.museuemporda.org\/exposicions-passades\/\">Passades<\/a><br \/>\u00b7 <a href=\"https:\/\/www.museuemporda.org\/exposicions-virtuals\/\">Virtuals<\/a><br \/>Activitats<br \/>\u00b7 <a href=\"https:\/\/www.museuemporda.org\/activitats-infants\/\">Infants<\/a><br \/>\u00b7 <a href=\"https:\/\/www.museuemporda.org\/activitats-joves\/\">Joves<\/a><br \/>\u00b7 <a href=\"https:\/\/www.museuemporda.org\/activitats-adults\/\">Adults<\/a><\/p>\n<p>[\/et_pb_text][\/et_pb_column][et_pb_column type=&#8221;1_6&#8243; _builder_version=&#8221;4.15&#8243; global_colors_info=&#8221;{}&#8221;][et_pb_text _builder_version=&#8221;4.15&#8243; text_font=&#8221;|700|||||||&#8221; text_font_size=&#8221;11px&#8221; text_line_height=&#8221;1.2em&#8221; link_text_color=&#8221;#000000&#8243; text_font_size_tablet=&#8221;14px&#8221; text_font_size_phone=&#8221;18px&#8221; text_font_size_last_edited=&#8221;on|phone&#8221; global_colors_info=&#8221;{}&#8221;]<\/p>\n<p>OBRES\/ARTISTES<br \/>&#8211;<br \/><a href=\"https:\/\/www.museuemporda.org\/obres-artistes\/\">La col\u00b7lecci\u00f3<\/a><\/p>\n<p>[\/et_pb_text][\/et_pb_column][et_pb_column type=&#8221;1_6&#8243; _builder_version=&#8221;4.15&#8243; global_colors_info=&#8221;{}&#8221;][et_pb_text _builder_version=&#8221;4.15&#8243; text_font=&#8221;|700|||||||&#8221; text_font_size=&#8221;11px&#8221; text_line_height=&#8221;1.2em&#8221; link_text_color=&#8221;#000000&#8243; text_font_size_tablet=&#8221;14px&#8221; text_font_size_phone=&#8221;18px&#8221; text_font_size_last_edited=&#8221;on|phone&#8221; global_colors_info=&#8221;{}&#8221;]<\/p>\n<p>ESCOLES<br \/>&#8211;<br \/><a href=\"https:\/\/www.museuemporda.org\/proposta-educativa\/\">Proposta educativa<\/a><br \/><a href=\"https:\/\/www.museuemporda.org\/infantil\/\">Infantil<\/a><br \/><a href=\"https:\/\/www.museuemporda.org\/primaria\/\">Prim\u00e0ria<\/a><br \/><a href=\"https:\/\/www.museuemporda.org\/secundaria\/\">Secund\u00e0ria<\/a><br \/><a href=\"https:\/\/www.museuemporda.org\/reserva\/\">Reserva activitat<\/a><\/p>\n<p>[\/et_pb_text][\/et_pb_column][et_pb_column type=&#8221;1_6&#8243; _builder_version=&#8221;4.15&#8243; global_colors_info=&#8221;{}&#8221;][et_pb_text _builder_version=&#8221;4.15.1&#8243; text_font=&#8221;|700|||||||&#8221; text_font_size=&#8221;11px&#8221; text_line_height=&#8221;1.2em&#8221; link_text_color=&#8221;#000000&#8243; text_font_size_tablet=&#8221;14px&#8221; text_font_size_phone=&#8221;18px&#8221; text_font_size_last_edited=&#8221;on|phone&#8221; global_colors_info=&#8221;{}&#8221;]<\/p>\n<p>EL MUSEU DE L\u2019EMPORD\u00c0<br \/>&#8211;<br \/><a href=\"https:\/\/www.museuemporda.org\/presenta\/\">Presentaci\u00f3<\/a><br \/><a href=\"https:\/\/www.museuemporda.org\/visita-2\/\">Visita\u2019ns<\/a><br \/><a href=\"https:\/\/www.museuemporda.org\/historia\/\">Hist\u00f2ria<\/a><br \/><a href=\"https:\/\/www.museuemporda.org\/missio-i-objectius\/\">Missi\u00f3 i objectius<\/a><br \/><a href=\"https:\/\/www.museuemporda.org\/organigrama-2\/\">Organigrama<\/a><br \/><a href=\"https:\/\/www.museuemporda.org\/premsa\/\">Sala de premsa<\/a><\/p>\n<p>[\/et_pb_text][\/et_pb_column][et_pb_column type=&#8221;1_6&#8243; _builder_version=&#8221;4.15&#8243; global_colors_info=&#8221;{}&#8221;][et_pb_text _builder_version=&#8221;4.15.1&#8243; text_font=&#8221;|700|||||||&#8221; text_text_color=&#8221;#707070&#8243; text_font_size=&#8221;11px&#8221; text_line_height=&#8221;1.2em&#8221; link_font=&#8221;||||||||&#8221; link_text_color=&#8221;#000000&#8243; header_text_color=&#8221;#000000&#8243; text_font_size_tablet=&#8221;14px&#8221; text_font_size_phone=&#8221;18px&#8221; text_font_size_last_edited=&#8221;on|phone&#8221; global_colors_info=&#8221;{}&#8221;]<\/p>\n<p><a href=\"https:\/\/www.museuemporda.org\/botiga\/\" title=\"botiga\">BOTIGA\/PUBLICACIONS<\/a><br \/>&#8211;<br \/><a href=\"https:\/\/www.museuemporda.org\/activitats_exposicions_mes_en_curs\/\">AGENDA\/CALENDARI<\/a>&#8211;<br \/><a href=\"https:\/\/www.museuemporda.org\/accessibilitat\/\">ACCESSIBILITAT<\/a><\/p>\n<p>[\/et_pb_text][\/et_pb_column][\/et_pb_row][et_pb_row column_structure=&#8221;1_5,1_5,1_5,1_5,1_5&#8243; use_custom_gutter=&#8221;on&#8221; gutter_width=&#8221;2&#8243; _builder_version=&#8221;4.15&#8243; custom_padding=&#8221;16px|||||&#8221; global_colors_info=&#8221;{}&#8221;][et_pb_column type=&#8221;1_5&#8243; _builder_version=&#8221;4.15&#8243; global_colors_info=&#8221;{}&#8221;][et_pb_text _builder_version=&#8221;4.15&#8243; text_font=&#8221;|600|||||||&#8221; text_font_size=&#8221;10px&#8221; text_line_height=&#8221;1.2em&#8221; custom_margin=&#8221;|-100px|||false|false&#8221; text_font_size_tablet=&#8221;13px&#8221; text_font_size_phone=&#8221;&#8221; text_font_size_last_edited=&#8221;on|tablet&#8221; global_colors_info=&#8221;{}&#8221;]<\/p>\n<p>\u00a9 Alguns drets reservats. Museu de l\u2019Empord\u00e0, 2018<br \/>Ajuntament de Figueres. Cultura<br \/>Av\u00eds legal &#8211; Protecci\u00f3 de dades<\/p>\n<p>[\/et_pb_text][\/et_pb_column][et_pb_column type=&#8221;1_5&#8243; _builder_version=&#8221;4.15&#8243; global_colors_info=&#8221;{}&#8221;][\/et_pb_column][et_pb_column type=&#8221;1_5&#8243; _builder_version=&#8221;4.15&#8243; global_colors_info=&#8221;{}&#8221;][et_pb_image src=&#8221;https:\/\/www.museuemporda.org\/wp-content\/uploads\/2019\/11\/logoAjuntament.svg&#8221; _builder_version=&#8221;4.15&#8243; max_height=&#8221;80px&#8221; global_colors_info=&#8221;{}&#8221;][\/et_pb_image][\/et_pb_column][et_pb_column type=&#8221;1_5&#8243; _builder_version=&#8221;4.15&#8243; global_colors_info=&#8221;{}&#8221;][\/et_pb_column][et_pb_column type=&#8221;1_5&#8243; _builder_version=&#8221;4.15&#8243; global_colors_info=&#8221;{}&#8221;][et_pb_text _builder_version=&#8221;4.15&#8243; text_font_size=&#8221;12px&#8221; text_line_height=&#8221;1.3em&#8221; text_font_size_tablet=&#8221;14px&#8221; text_font_size_phone=&#8221;&#8221; text_font_size_last_edited=&#8221;on|phone&#8221; global_colors_info=&#8221;{}&#8221;]<\/p>\n<p><strong>Museu de l&#8217;Empord\u00e0<\/strong><br \/>Rambla, 2<br \/>17600 Figueres<br \/>972 50 23 05<\/p>\n<p>[\/et_pb_text][\/et_pb_column][\/et_pb_row][\/et_pb_section]<\/p>\n","protected":false},"excerpt":{"rendered":"<p>ACCESSIBILITATADULTS Acc\u00e9s per la porta principal a peu de carrer i lateral pel carrer Enginyers a trav\u00e9s d&#8217;una rampa. Ascensor per accedir a l&#8217;Auditori i a les quatre plantes d&#8217;exposicions temporals i permanent.Es permet l&#8217;acc\u00e9s al Museu amb gossos guia i d&#8217;assist\u00e8ncia.Lavabo adaptat per a persones amb mobilitat redu\u00efda.Sales d&#8217;exposici\u00f3 i altres espais bens il\u00b7luminats [&hellip;]<\/p>\n","protected":false},"author":1,"featured_media":0,"parent":0,"menu_order":0,"comment_status":"closed","ping_status":"closed","template":"","meta":{"_acf_changed":false,"_et_pb_use_builder":"on","_et_pb_old_content":"","_et_gb_content_width":"","inline_featured_image":false,"footnotes":""},"class_list":["post-2686","page","type-page","status-publish","hentry"],"acf":[],"_links":{"self":[{"href":"https:\/\/www.museuemporda.org\/index.php?rest_route=\/wp\/v2\/pages\/2686","targetHints":{"allow":["GET"]}}],"collection":[{"href":"https:\/\/www.museuemporda.org\/index.php?rest_route=\/wp\/v2\/pages"}],"about":[{"href":"https:\/\/www.museuemporda.org\/index.php?rest_route=\/wp\/v2\/types\/page"}],"author":[{"embeddable":true,"href":"https:\/\/www.museuemporda.org\/index.php?rest_route=\/wp\/v2\/users\/1"}],"replies":[{"embeddable":true,"href":"https:\/\/www.museuemporda.org\/index.php?rest_route=%2Fwp%2Fv2%2Fcomments&post=2686"}],"version-history":[{"count":1,"href":"https:\/\/www.museuemporda.org\/index.php?rest_route=\/wp\/v2\/pages\/2686\/revisions"}],"predecessor-version":[{"id":13366,"href":"https:\/\/www.museuemporda.org\/index.php?rest_route=\/wp\/v2\/pages\/2686\/revisions\/13366"}],"wp:attachment":[{"href":"https:\/\/www.museuemporda.org\/index.php?rest_route=%2Fwp%2Fv2%2Fmedia&parent=2686"}],"curies":[{"name":"wp","href":"https:\/\/api.w.org\/{rel}","templated":true}]}}