{"id":1117,"date":"2020-05-11T19:20:20","date_gmt":"2020-05-11T17:20:20","guid":{"rendered":"https:\/\/www.museuemporda.org\/?page_id=1117"},"modified":"2024-11-21T16:42:55","modified_gmt":"2024-11-21T15:42:55","slug":"exposicions_actuals","status":"publish","type":"page","link":"https:\/\/www.museuemporda.org\/?page_id=1117","title":{"rendered":"Exposicions actuals"},"content":{"rendered":"<p>[et_pb_section fb_built=&#8221;1&#8243; _builder_version=&#8221;4.16&#8243; custom_padding=&#8221;16px||13px|||&#8221; global_colors_info=&#8221;{}&#8221;][et_pb_row column_structure=&#8221;1_6,1_6,1_6,1_6,1_6,1_6&#8243; _builder_version=&#8221;4.16&#8243; _module_preset=&#8221;default&#8221; custom_padding=&#8221;||3px|||&#8221; global_colors_info=&#8221;{}&#8221;][et_pb_column type=&#8221;1_6&#8243; _builder_version=&#8221;4.16&#8243; _module_preset=&#8221;default&#8221; global_colors_info=&#8221;{}&#8221;][et_pb_text _builder_version=&#8221;4.16&#8243; text_font=&#8221;|700|||||||&#8221; text_text_color=&#8221;#ffffff&#8221; background_color=&#8221;#000000&#8243; text_orientation=&#8221;center&#8221; width=&#8221;130%&#8221; width_tablet=&#8221;100%&#8221; width_phone=&#8221;&#8221; width_last_edited=&#8221;on|tablet&#8221; height=&#8221;45px&#8221; custom_margin=&#8221;||||false|false&#8221; custom_margin_tablet=&#8221;&#8221; custom_margin_phone=&#8221;&#8221; custom_margin_last_edited=&#8221;on|desktop&#8221; custom_padding=&#8221;10px||||false|false&#8221; border_radii=&#8221;on|190px|190px|190px|190px&#8221; global_colors_info=&#8221;{}&#8221;]<\/p>\n<p>EXPOSICIONS<\/p>\n<p>[\/et_pb_text][\/et_pb_column][et_pb_column type=&#8221;1_6&#8243; _builder_version=&#8221;4.16&#8243; _module_preset=&#8221;default&#8221; global_colors_info=&#8221;{}&#8221;][et_pb_text _builder_version=&#8221;4.16&#8243; text_font=&#8221;|700|||||||&#8221; text_text_color=&#8221;#ffffff&#8221; background_color=&#8221;#000000&#8243; text_orientation=&#8221;center&#8221; width=&#8221;130%&#8221; width_tablet=&#8221;100%&#8221; width_phone=&#8221;&#8221; width_last_edited=&#8221;on|phone&#8221; height=&#8221;45px&#8221; custom_margin=&#8221;||||false|false&#8221; custom_padding=&#8221;10px||||false|false&#8221; border_radii=&#8221;on|190px|190px|190px|190px&#8221; global_colors_info=&#8221;{}&#8221;]<\/p>\n<p>ACTUALS<\/p>\n<p>[\/et_pb_text][\/et_pb_column][et_pb_column type=&#8221;1_6&#8243; _builder_version=&#8221;4.16&#8243; _module_preset=&#8221;default&#8221; global_colors_info=&#8221;{}&#8221;][\/et_pb_column][et_pb_column type=&#8221;1_6&#8243; _builder_version=&#8221;4.16&#8243; _module_preset=&#8221;default&#8221; global_colors_info=&#8221;{}&#8221;][\/et_pb_column][et_pb_column type=&#8221;1_6&#8243; _builder_version=&#8221;4.16&#8243; _module_preset=&#8221;default&#8221; global_colors_info=&#8221;{}&#8221;][\/et_pb_column][et_pb_column type=&#8221;1_6&#8243; _builder_version=&#8221;4.16&#8243; _module_preset=&#8221;default&#8221; global_colors_info=&#8221;{}&#8221;][\/et_pb_column][\/et_pb_row][et_pb_row column_structure=&#8221;1_6,1_6,1_6,1_6,1_6,1_6&#8243; _builder_version=&#8221;4.16&#8243; _module_preset=&#8221;default&#8221; custom_padding=&#8221;7px|||||&#8221; global_colors_info=&#8221;{}&#8221;][et_pb_column type=&#8221;1_6&#8243; _builder_version=&#8221;4.16&#8243; _module_preset=&#8221;default&#8221; global_colors_info=&#8221;{}&#8221;][\/et_pb_column][et_pb_column type=&#8221;1_6&#8243; _builder_version=&#8221;4.16&#8243; _module_preset=&#8221;default&#8221; global_colors_info=&#8221;{}&#8221;][et_pb_text _builder_version=&#8221;4.16&#8243; _dynamic_attributes=&#8221;link_option_url&#8221; text_font=&#8221;|700|||||||&#8221; text_text_color=&#8221;#000000&#8243; background_color=&#8221;#ffffff&#8221; text_orientation=&#8221;center&#8221; width=&#8221;130%&#8221; width_tablet=&#8221;100%&#8221; width_phone=&#8221;&#8221; width_last_edited=&#8221;on|phone&#8221; height=&#8221;45px&#8221; custom_margin=&#8221;||||false|false&#8221; custom_padding=&#8221;10px||||false|false&#8221; link_option_url=&#8221;@ET-DC@eyJkeW5hbWljIjp0cnVlLCJjb250ZW50IjoicG9zdF9saW5rX3VybF9wYWdlIiwic2V0dGluZ3MiOnsicG9zdF9pZCI6IjEyMTQifX0=@&#8221; border_radii=&#8221;on|190px|190px|190px|190px&#8221; border_width_all=&#8221;1px&#8221; global_colors_info=&#8221;{}&#8221;]<\/p>\n<p>FUTURES<\/p>\n<p>[\/et_pb_text][\/et_pb_column][et_pb_column type=&#8221;1_6&#8243; _builder_version=&#8221;4.16&#8243; _module_preset=&#8221;default&#8221; global_colors_info=&#8221;{}&#8221;][et_pb_text _builder_version=&#8221;4.16&#8243; _dynamic_attributes=&#8221;link_option_url&#8221; text_font=&#8221;|700|||||||&#8221; text_text_color=&#8221;#000000&#8243; background_color=&#8221;#ffffff&#8221; text_orientation=&#8221;center&#8221; width=&#8221;130%&#8221; width_tablet=&#8221;100%&#8221; width_phone=&#8221;&#8221; width_last_edited=&#8221;on|tablet&#8221; height=&#8221;45px&#8221; custom_margin=&#8221;||||false|false&#8221; custom_padding=&#8221;10px||||false|false&#8221; link_option_url=&#8221;@ET-DC@eyJkeW5hbWljIjp0cnVlLCJjb250ZW50IjoicG9zdF9saW5rX3VybF9wYWdlIiwic2V0dGluZ3MiOnsicG9zdF9pZCI6IjE2OTAifX0=@&#8221; border_radii=&#8221;on|190px|190px|190px|190px&#8221; border_width_all=&#8221;1px&#8221; global_colors_info=&#8221;{}&#8221;]<\/p>\n<p>PASSADES<\/p>\n<p>[\/et_pb_text][\/et_pb_column][et_pb_column type=&#8221;1_6&#8243; _builder_version=&#8221;4.16&#8243; _module_preset=&#8221;default&#8221; global_colors_info=&#8221;{}&#8221;][et_pb_text _builder_version=&#8221;4.16&#8243; _dynamic_attributes=&#8221;link_option_url&#8221; text_font=&#8221;|700|||||||&#8221; text_text_color=&#8221;#000000&#8243; background_color=&#8221;#ffffff&#8221; text_orientation=&#8221;center&#8221; width=&#8221;130%&#8221; width_tablet=&#8221;100%&#8221; width_phone=&#8221;&#8221; width_last_edited=&#8221;on|tablet&#8221; height=&#8221;45px&#8221; custom_margin=&#8221;||||false|false&#8221; custom_padding=&#8221;10px||||false|false&#8221; link_option_url=&#8221;@ET-DC@eyJkeW5hbWljIjp0cnVlLCJjb250ZW50IjoicG9zdF9saW5rX3VybF9wYWdlIiwic2V0dGluZ3MiOnsicG9zdF9pZCI6IjE3MDUifX0=@&#8221; border_radii=&#8221;on|190px|190px|190px|190px&#8221; border_width_all=&#8221;1px&#8221; global_colors_info=&#8221;{}&#8221;]<\/p>\n<p>VIRTUALS<\/p>\n<p>[\/et_pb_text][\/et_pb_column][et_pb_column type=&#8221;1_6&#8243; _builder_version=&#8221;4.16&#8243; _module_preset=&#8221;default&#8221; global_colors_info=&#8221;{}&#8221;][\/et_pb_column][et_pb_column type=&#8221;1_6&#8243; _builder_version=&#8221;4.16&#8243; _module_preset=&#8221;default&#8221; global_colors_info=&#8221;{}&#8221;][\/et_pb_column][\/et_pb_row][\/et_pb_section][et_pb_section fb_built=&#8221;1&#8243; _builder_version=&#8221;4.16&#8243; custom_padding=&#8221;3px|||||&#8221; global_colors_info=&#8221;{}&#8221;][et_pb_row _builder_version=&#8221;4.16&#8243; global_colors_info=&#8221;{}&#8221;][et_pb_column type=&#8221;4_4&#8243; _builder_version=&#8221;4.16&#8243; global_colors_info=&#8221;{}&#8221;][dpdfg_filtergrid custom_query=&#8221;advanced&#8221; multiple_cpt=&#8221;exposicions&#8221; use_taxonomy_terms=&#8221;on&#8221; multiple_taxonomies=&#8221;estat&#8221; include_terms=&#8221;88&#8243; post_number=&#8221;4&#8243; no_results=&#8221;No s&#8217;han trobat obres per aquesta exposici\u00f3.&#8221; thumbnail_size=&#8221;250&#215;250&#8243; use_overlay=&#8221;off&#8221; show_post_meta=&#8221;off&#8221; show_custom_fields=&#8221;on&#8221; custom_fields=&#8221;%91{%22name%22:%22resum_expo%22,%22label%22:%22%22},{%22name%22:%22dates%22,%22label%22:%22%22}%93&#8243; show_custom_content=&#8221;on&#8221; show_filters=&#8221;off&#8221; pagination_type=&#8221;scroll&#8221; items_width=&#8221;21%&#8221; _builder_version=&#8221;4.21.0&#8243; dpdfg_entry_meta_font=&#8221;||||||||&#8221; dpdfg_entry_custom_font=&#8221;|700|||||||&#8221; dpdfg_entry_custom_font_size=&#8221;16px&#8221; hover_enabled=&#8221;0&#8243; border_width_all=&#8221;0px&#8221; global_colors_info=&#8221;{}&#8221; sticky_enabled=&#8221;0&#8243;][\/dpdfg_filtergrid][\/et_pb_column][\/et_pb_row][\/et_pb_section][et_pb_section fb_built=&#8221;1&#8243; _builder_version=&#8221;4.0.6&#8243; custom_margin=&#8221;13px|||||&#8221; custom_padding=&#8221;4px||8px|||&#8221; global_module=&#8221;106&#8243; saved_tabs=&#8221;all&#8221; global_colors_info=&#8221;{}&#8221;][et_pb_row column_structure=&#8221;1_3,1_3,1_3&#8243; _builder_version=&#8221;4.16&#8243; _module_preset=&#8221;default&#8221; background_color=&#8221;#855f75&#8243; global_colors_info=&#8221;{}&#8221;][et_pb_column type=&#8221;1_3&#8243; _builder_version=&#8221;4.21.0&#8243; _module_preset=&#8221;default&#8221; global_colors_info=&#8221;{}&#8221;][\/et_pb_column][et_pb_column type=&#8221;1_3&#8243; _builder_version=&#8221;4.16&#8243; _module_preset=&#8221;default&#8221; global_colors_info=&#8221;{}&#8221;][et_pb_button button_url=&#8221;https:\/\/museuempord2.typeform.com\/to\/vjuzW6&#8243; url_new_window=&#8221;on&#8221; button_text=&#8221;CONNECTA&#8217;T AL MUSEU&#8221; button_alignment=&#8221;center&#8221; _builder_version=&#8221;4.21.0&#8243; custom_button=&#8221;on&#8221; button_text_size=&#8221;12px&#8221; button_text_color=&#8221;#ffffff&#8221; button_bg_color=&#8221;#000000&#8243; button_border_color=&#8221;rgba(0,0,0,0)&#8221; button_border_radius=&#8221;0px&#8221; button_use_icon=&#8221;off&#8221; custom_margin=&#8221;||0px|-850px|false|false&#8221; global_colors_info=&#8221;{}&#8221;][\/et_pb_button][\/et_pb_column][et_pb_column type=&#8221;1_3&#8243; _builder_version=&#8221;4.16&#8243; _module_preset=&#8221;default&#8221; global_colors_info=&#8221;{}&#8221;][\/et_pb_column][\/et_pb_row][et_pb_row column_structure=&#8221;1_6,1_6,1_6,1_6,1_6,1_6&#8243; use_custom_gutter=&#8221;on&#8221; gutter_width=&#8221;2&#8243; _builder_version=&#8221;4.16&#8243; background_color=&#8221;#ffd6ea&#8221; custom_margin=&#8221;0px|auto|2px|auto|false|false&#8221; custom_padding=&#8221;||23px|||&#8221; global_colors_info=&#8221;{}&#8221;][et_pb_column type=&#8221;1_6&#8243; _builder_version=&#8221;4.16&#8243; global_colors_info=&#8221;{}&#8221;][et_pb_image src=&#8221;https:\/\/www.museuemporda.org\/wp-content\/uploads\/2019\/11\/me.svg&#8221; align_tablet=&#8221;&#8221; align_phone=&#8221;center&#8221; align_last_edited=&#8221;on|phone&#8221; _builder_version=&#8221;4.16&#8243; width=&#8221;85%&#8221; width_tablet=&#8221;&#8221; width_phone=&#8221;50%&#8221; width_last_edited=&#8221;on|phone&#8221; module_alignment=&#8221;right&#8221; custom_margin=&#8221;||8px|24px|false|false&#8221; custom_margin_tablet=&#8221;&#8221; custom_margin_phone=&#8221;|0px|8px|0px|false|true&#8221; custom_margin_last_edited=&#8221;on|phone&#8221; custom_padding=&#8221;||||false|false&#8221; module_alignment_tablet=&#8221;center&#8221; module_alignment_phone=&#8221;center&#8221; module_alignment_last_edited=&#8221;on|desktop&#8221; global_colors_info=&#8221;{}&#8221;][\/et_pb_image][\/et_pb_column][et_pb_column type=&#8221;1_6&#8243; _builder_version=&#8221;4.16&#8243; global_colors_info=&#8221;{}&#8221;][et_pb_text _builder_version=&#8221;4.16&#8243; text_font=&#8221;|700|||||||&#8221; text_font_size=&#8221;11px&#8221; text_line_height=&#8221;1.2em&#8221; link_text_color=&#8221;#000000&#8243; text_font_size_tablet=&#8221;14px&#8221; text_font_size_phone=&#8221;18px&#8221; text_font_size_last_edited=&#8221;on|phone&#8221; global_colors_info=&#8221;{}&#8221;]<\/p>\n<p>EXPOSICIONS\/ACTIVITATS<br \/>&#8211;<br \/>Exposicions<br \/>\u00b7 <a href=\"https:\/\/www.museuemporda.org\/exposicions_actuals\/\">Actuals<\/a><br \/>\u00b7 <a href=\"https:\/\/www.museuemporda.org\/exposicions-futures\/\">Futures<\/a><br \/>\u00b7 <a href=\"https:\/\/www.museuemporda.org\/exposicions-passades\/\">Passades<\/a><br \/>\u00b7 <a href=\"https:\/\/www.museuemporda.org\/exposicions-virtuals\/\">Virtuals<\/a><br \/>Activitats<br \/>\u00b7 <a href=\"https:\/\/www.museuemporda.org\/activitats-infants\/\">Infants<\/a><br \/>\u00b7 <a href=\"https:\/\/www.museuemporda.org\/activitats-joves\/\">Joves<\/a><br \/>\u00b7 <a href=\"https:\/\/www.museuemporda.org\/activitats-adults\/\">Adults<\/a><\/p>\n<p>[\/et_pb_text][\/et_pb_column][et_pb_column type=&#8221;1_6&#8243; _builder_version=&#8221;4.16&#8243; global_colors_info=&#8221;{}&#8221;][et_pb_text _builder_version=&#8221;4.16&#8243; text_font=&#8221;|700|||||||&#8221; text_font_size=&#8221;11px&#8221; text_line_height=&#8221;1.2em&#8221; link_text_color=&#8221;#000000&#8243; text_font_size_tablet=&#8221;14px&#8221; text_font_size_phone=&#8221;18px&#8221; text_font_size_last_edited=&#8221;on|phone&#8221; global_colors_info=&#8221;{}&#8221;]<\/p>\n<p>OBRES\/ARTISTES<br \/>&#8211;<br \/><a href=\"https:\/\/www.museuemporda.org\/obres-artistes\/\">La col\u00b7lecci\u00f3<\/a><\/p>\n<p>[\/et_pb_text][\/et_pb_column][et_pb_column type=&#8221;1_6&#8243; _builder_version=&#8221;4.16&#8243; global_colors_info=&#8221;{}&#8221;][et_pb_text _builder_version=&#8221;4.16&#8243; text_font=&#8221;|700|||||||&#8221; text_font_size=&#8221;11px&#8221; text_line_height=&#8221;1.2em&#8221; link_text_color=&#8221;#000000&#8243; text_font_size_tablet=&#8221;14px&#8221; text_font_size_phone=&#8221;18px&#8221; text_font_size_last_edited=&#8221;on|phone&#8221; global_colors_info=&#8221;{}&#8221;]<\/p>\n<p>ESCOLES<br \/>&#8211;<br \/><a href=\"https:\/\/www.museuemporda.org\/proposta-educativa\/\">Proposta educativa<\/a><br \/><a href=\"https:\/\/www.museuemporda.org\/infantil\/\">Infantil<\/a><br \/><a href=\"https:\/\/www.museuemporda.org\/primaria\/\">Prim\u00e0ria<\/a><br \/><a href=\"https:\/\/www.museuemporda.org\/secundaria\/\">Secund\u00e0ria<\/a><br \/><a href=\"https:\/\/www.museuemporda.org\/reserva\/\">Reserva activitat<\/a><\/p>\n<p>[\/et_pb_text][\/et_pb_column][et_pb_column type=&#8221;1_6&#8243; _builder_version=&#8221;4.16&#8243; global_colors_info=&#8221;{}&#8221;][et_pb_text _builder_version=&#8221;4.16&#8243; text_font=&#8221;|700|||||||&#8221; text_font_size=&#8221;11px&#8221; text_line_height=&#8221;1.2em&#8221; link_text_color=&#8221;#000000&#8243; text_font_size_tablet=&#8221;14px&#8221; text_font_size_phone=&#8221;18px&#8221; text_font_size_last_edited=&#8221;on|phone&#8221; global_colors_info=&#8221;{}&#8221;]<\/p>\n<p>EL MUSEU DE L\u2019EMPORD\u00c0<br \/>&#8211;<br \/><a href=\"https:\/\/www.museuemporda.org\/presenta\/\">Presentaci\u00f3<\/a><br \/><a href=\"https:\/\/www.museuemporda.org\/visita-2\/\">Visita\u2019ns<\/a><br \/><a href=\"https:\/\/www.museuemporda.org\/historia\/\">Hist\u00f2ria<\/a><br \/><a href=\"https:\/\/www.museuemporda.org\/missio-i-objectius\/\">Missi\u00f3 i objectius<\/a><br \/><a href=\"https:\/\/www.museuemporda.org\/organigrama-2\/\">Organigrama<\/a><br \/><a href=\"https:\/\/www.museuemporda.org\/premsa\/\">Sala de premsa<\/a><\/p>\n<p>[\/et_pb_text][\/et_pb_column][et_pb_column type=&#8221;1_6&#8243; _builder_version=&#8221;4.16&#8243; global_colors_info=&#8221;{}&#8221;][et_pb_text _builder_version=&#8221;4.16&#8243; text_font=&#8221;|700|||||||&#8221; text_text_color=&#8221;#707070&#8243; text_font_size=&#8221;11px&#8221; text_line_height=&#8221;1.2em&#8221; link_font=&#8221;||||||||&#8221; link_text_color=&#8221;#000000&#8243; header_text_color=&#8221;#000000&#8243; text_font_size_tablet=&#8221;14px&#8221; text_font_size_phone=&#8221;18px&#8221; text_font_size_last_edited=&#8221;on|phone&#8221; global_colors_info=&#8221;{}&#8221;]<\/p>\n<p><a href=\"https:\/\/www.museuemporda.org\/botiga\/\" title=\"botiga\">BOTIGA\/PUBLICACIONS<\/a><br \/>&#8211;<br \/><a href=\"https:\/\/www.museuemporda.org\/activitats_exposicions_mes_en_curs\/\">AGENDA\/CALENDARI<\/a>&#8211;<br \/><a href=\"https:\/\/www.museuemporda.org\/accessibilitat\/\">ACCESSIBILITAT<\/a><\/p>\n<p>[\/et_pb_text][\/et_pb_column][\/et_pb_row][et_pb_row column_structure=&#8221;1_6,1_6,1_6,1_6,1_6,1_6&#8243; use_custom_gutter=&#8221;on&#8221; gutter_width=&#8221;2&#8243; _builder_version=&#8221;4.16&#8243; custom_padding=&#8221;16px|||||&#8221; global_colors_info=&#8221;{}&#8221;][et_pb_column type=&#8221;1_6&#8243; _builder_version=&#8221;4.16&#8243; global_colors_info=&#8221;{}&#8221;][et_pb_text _builder_version=&#8221;4.16&#8243; text_font=&#8221;|600|||||||&#8221; text_font_size=&#8221;10px&#8221; text_line_height=&#8221;1.2em&#8221; custom_margin=&#8221;|-100px|||false|false&#8221; text_font_size_tablet=&#8221;13px&#8221; text_font_size_phone=&#8221;&#8221; text_font_size_last_edited=&#8221;on|tablet&#8221; global_colors_info=&#8221;{}&#8221;]<\/p>\n<p>\u00a9 Alguns drets reservats. Museu de l\u2019Empord\u00e0, 2018<br \/>Ajuntament de Figueres. Cultura<br \/>Av\u00eds legal &#8211; Protecci\u00f3 de dades<\/p>\n<p>[\/et_pb_text][\/et_pb_column][et_pb_column type=&#8221;1_6&#8243; _builder_version=&#8221;4.16&#8243; global_colors_info=&#8221;{}&#8221;][\/et_pb_column][et_pb_column type=&#8221;1_6&#8243; _builder_version=&#8221;4.16&#8243; global_colors_info=&#8221;{}&#8221;][et_pb_image src=&#8221;https:\/\/www.museuemporda.org\/wp-content\/uploads\/2024\/03\/Filet-Negre.png&#8221; title_text=&#8221;Filet Negre&#8221; _builder_version=&#8221;4.21.0&#8243; max_height=&#8221;80px&#8221; global_colors_info=&#8221;{}&#8221;][\/et_pb_image][\/et_pb_column][et_pb_column type=&#8221;1_6&#8243; _builder_version=&#8221;4.21.0&#8243; _module_preset=&#8221;default&#8221; global_colors_info=&#8221;{}&#8221;][et_pb_image _builder_version=&#8221;4.21.0&#8243; _module_preset=&#8221;default&#8221; global_colors_info=&#8221;{}&#8221;][\/et_pb_image][\/et_pb_column][et_pb_column type=&#8221;1_6&#8243; _builder_version=&#8221;4.16&#8243; global_colors_info=&#8221;{}&#8221;][\/et_pb_column][et_pb_column type=&#8221;1_6&#8243; _builder_version=&#8221;4.16&#8243; global_colors_info=&#8221;{}&#8221;][et_pb_text _builder_version=&#8221;4.21.0&#8243; text_font_size=&#8221;12px&#8221; text_line_height=&#8221;1.3em&#8221; text_font_size_tablet=&#8221;14px&#8221; text_font_size_phone=&#8221;&#8221; text_font_size_last_edited=&#8221;on|phone&#8221; global_colors_info=&#8221;{}&#8221;]<\/p>\n<p><strong>Museu de l&#8217;Empord\u00e0<\/strong><br \/>Rambla, 2<br \/>17600 Figueres<br \/><span style=\"color: #000000;\"><a href=\"mailto:infome@museuemporda.org\" style=\"color: #000000;\">infome@museuemporda.org<\/a><\/span>\u00a0 \u00a0 \u00a0 972 50 23 05<\/p>\n<p>[\/et_pb_text][\/et_pb_column][\/et_pb_row][\/et_pb_section]<\/p>\n","protected":false},"excerpt":{"rendered":"<p>EXPOSICIONSACTUALSFUTURESPASSADESVIRTUALS<div class=\"et_pb_with_border et_pb_module dpdfg_filtergrid dpdfg_filtergrid_0\">\n\t\t\t\t\n\t\t\t\t\n\t\t\t\t\n\t\t\t\t\n\t\t\t\t\n\t\t\t\t\n\t\t\t\t<div class=\"et_pb_module_inner\">\n\t\t\t\t\t<!-- DPDFG Start Main Container --><div class=\"dp-dfg-container dp-dfg-layout-grid dp-dfg-skin-default\" data-active-filter=\"all\" data-page=\"1\" data-found-posts=\"3\" data-post-number=\"4\" data-default-filter=\"All\" data-link-filter=\"\" data-cache=\"off\" data-ratio=\"1\" data-show-thumb=\"on\" data-action=\"link\" data-new-window=\"off\" data-multifilter=\"off|OR\" data-multilevel=\"off|AND|off\" data-doing-ajax=\"off\" data-module=\"dpdfg_filtergrid_0\" data-search =\"off\" data-search-position=\"above\" data-filters=\"off\" data-terms-tags=\"on\" data-pagination=\"on\" data-filter-method=\"default\"><div class=\"dp-dfg-items\"><article id=\"post-16826\" class=\"dp-dfg-item post-16826 exposicions type-exposicions status-publish has-post-thumbnail hentry relacions_actiivtats-objectiu-meli estat-actual public-adults public-joves any-1171 mes-121 \"     data-position=\"0\"   data-new-tab=\"off\"   data-action-priority=\"item\"><figure class=\"dp-dfg-image entry-thumb\"><a href=\"https:\/\/www.museuemporda.org\/?exposicions=objectiu-meli\" class=\"dp-dfg-image-link\" ><img loading=\"lazy\" decoding=\"async\" class=\"dp-dfg-featured-image\" src=\"https:\/\/www.museuemporda.org\/wp-content\/uploads\/2025\/12\/web-250x250.jpg\" alt=\"Objectiu Meli\" width=\"250\" height=\"250\" data-ratio=\"1\"\/><\/a><\/figure><div class=\"dp-dfg-header entry-header\"><h2 class=\"entry-title\">Objectiu Meli<\/h2><\/div><div class=\"dp-dfg-custom-content\"><p class=\"dp-dfg-custom-field dp-dfg-cf-dates\"><span class=\"dp-dfg-custom-field-value\">25 ABR - 13 SET<\/span><\/p><\/div><\/article><!-- DPDFG End Post Item Container --><article id=\"post-16503\" class=\"dp-dfg-item post-16503 exposicions type-exposicions status-publish has-post-thumbnail hentry relacions_actiivtats-metamorfosis estat-actual any-1160 any-1171 mes-110 mes-116 mes-118 mes-74 mes-109 \"     data-position=\"1\"   data-new-tab=\"off\"   data-action-priority=\"item\"><figure class=\"dp-dfg-image entry-thumb\"><a href=\"https:\/\/www.museuemporda.org\/?exposicions=metamorfosis\" class=\"dp-dfg-image-link\" ><img loading=\"lazy\" decoding=\"async\" class=\"dp-dfg-featured-image\" src=\"https:\/\/www.museuemporda.org\/wp-content\/uploads\/2025\/08\/cartell-pel-web-250x250.jpg\" alt=\"metAMORfosis\" width=\"250\" height=\"250\" data-ratio=\"1\"\/><\/a><\/figure><div class=\"dp-dfg-header entry-header\"><h2 class=\"entry-title\">metAMORfosis<\/h2><\/div><div class=\"dp-dfg-custom-content\"><p class=\"dp-dfg-custom-field dp-dfg-cf-dates\"><span class=\"dp-dfg-custom-field-value\">14 NOV - 15 MAR<\/span><\/p><\/div><\/article><!-- DPDFG End Post Item Container --><article id=\"post-16485\" class=\"dp-dfg-item post-16485 exposicions type-exposicions status-publish has-post-thumbnail hentry estat-actual public-adults public-joves any-1160 any-1171 mes-110 mes-116 mes-118 mes-87 mes-74 mes-109 \"     data-position=\"2\"   data-new-tab=\"off\"   data-action-priority=\"item\"><figure class=\"dp-dfg-image entry-thumb\"><a href=\"https:\/\/www.museuemporda.org\/?exposicions=jordi-puig-no-es-un-fotograf-1991-2025\" class=\"dp-dfg-image-link\" ><img loading=\"lazy\" decoding=\"async\" class=\"dp-dfg-featured-image\" src=\"https:\/\/www.museuemporda.org\/wp-content\/uploads\/2025\/08\/Jordi-Puig-no-es-fotograf-250x250.jpg\" alt=\"JORDI PUIG N\/O \u00c9S  FOT\u00d2GRAF. RETROSPECTIVA 1991-2025\" width=\"250\" height=\"250\" data-ratio=\"1\"\/><\/a><\/figure><div class=\"dp-dfg-header entry-header\"><h2 class=\"entry-title\">JORDI PUIG N\/O \u00c9S  FOT\u00d2GRAF. RETROSPECTIVA 1991-2025<\/h2><\/div><div class=\"dp-dfg-custom-content\"><p class=\"dp-dfg-custom-field dp-dfg-cf-dates\"><span class=\"dp-dfg-custom-field-value\">25 OCT - 29 MAR<\/span><\/p><\/div><\/article><!-- DPDFG End Post Item Container --><\/div><!-- DPDFG End Posts Items Container --><\/div><!-- DPDFG End Main Container -->\n\t\t\t\t<\/div>\n\t\t\t<\/div>EXPOSICIONS\/ACTIVITATS-Exposicions\u00b7 Actuals\u00b7 Futures\u00b7 Passades\u00b7 VirtualsActivitats\u00b7 Infants\u00b7 Joves\u00b7 AdultsOBRES\/ARTISTES-La col\u00b7lecci\u00f3ESCOLES-Proposta educativaInfantilPrim\u00e0riaSecund\u00e0riaReserva activitatEL MUSEU DE L\u2019EMPORD\u00c0-Presentaci\u00f3Visita\u2019nsHist\u00f2riaMissi\u00f3 i objectiusOrganigramaSala de premsaBOTIGA\/PUBLICACIONS-AGENDA\/CALENDARI-ACCESSIBILITAT\u00a9 Alguns drets reservats. Museu de l\u2019Empord\u00e0, 2018Ajuntament [&hellip;]<\/p>\n","protected":false},"author":1,"featured_media":0,"parent":0,"menu_order":0,"comment_status":"closed","ping_status":"closed","template":"","meta":{"_acf_changed":false,"_et_pb_use_builder":"on","_et_pb_old_content":"","_et_gb_content_width":"","inline_featured_image":false,"footnotes":""},"class_list":["post-1117","page","type-page","status-publish","hentry"],"acf":[],"_links":{"self":[{"href":"https:\/\/www.museuemporda.org\/index.php?rest_route=\/wp\/v2\/pages\/1117","targetHints":{"allow":["GET"]}}],"collection":[{"href":"https:\/\/www.museuemporda.org\/index.php?rest_route=\/wp\/v2\/pages"}],"about":[{"href":"https:\/\/www.museuemporda.org\/index.php?rest_route=\/wp\/v2\/types\/page"}],"author":[{"embeddable":true,"href":"https:\/\/www.museuemporda.org\/index.php?rest_route=\/wp\/v2\/users\/1"}],"replies":[{"embeddable":true,"href":"https:\/\/www.museuemporda.org\/index.php?rest_route=%2Fwp%2Fv2%2Fcomments&post=1117"}],"version-history":[{"count":5,"href":"https:\/\/www.museuemporda.org\/index.php?rest_route=\/wp\/v2\/pages\/1117\/revisions"}],"predecessor-version":[{"id":15767,"href":"https:\/\/www.museuemporda.org\/index.php?rest_route=\/wp\/v2\/pages\/1117\/revisions\/15767"}],"wp:attachment":[{"href":"https:\/\/www.museuemporda.org\/index.php?rest_route=%2Fwp%2Fv2%2Fmedia&parent=1117"}],"curies":[{"name":"wp","href":"https:\/\/api.w.org\/{rel}","templated":true}]}}